{"id":3,"date":"2024-05-02T23:48:02","date_gmt":"2024-05-02T23:48:02","guid":{"rendered":"https:\/\/franciacortaexecutiveresort.it\/?page_id=3"},"modified":"2024-10-02T12:11:58","modified_gmt":"2024-10-02T10:11:58","slug":"privacy-policy","status":"publish","type":"page","link":"https:\/\/franciacortaexecutiveresort.it\/en\/privacy-policy\/","title":{"rendered":"Privacy Policy"},"content":{"rendered":"<p><strong>Informativa privacy ai sensi degli artt. 13-14 del Regolamento Europeo \u201cPrivacy\u201d (GDPR)<\/strong><\/p>\n\n\n\n<p>I dati personali da Lei inseriti, sono trattati dal proprietario del sito Tenuta Acquaviva \u2013 Via Chiari, 15 \u2013 25039 Travagliato (BS) \u2013 in qualit\u00e0 di Titolare, per finalit\u00e0 connesse alla fornitura dei servizi da Lei richiesti (a titolo esemplificativo: richiedere informazioni, registrarsi al sito per ricevere vantaggi e offerte, ottenere preventivi, effettuare pagamenti, acquistare beni e riceverli presso un domicilio da Lei indicato, effettuare una prenotazione, scambiare documenti).<\/p>\n\n\n\n<p>Inoltre, i dati da Lei forniti, potrebbero essere trattati, solo su Suo esplicito consenso, al fine di inviarLe comunicazioni di natura commerciale via email o sms relativamente ai servizi offerti dal Titolare.<\/p>\n\n\n\n<p>Nel primo caso, la base giuridica del trattamento \u00e8 l\u2019esecuzione di un accordo; nel secondo caso \u00e8 il consenso. I trattamenti avverranno con modalit\u00e0 elettroniche e verranno messi a disposizione delle terze parti (Responsabili Esterni del trattamento) nell\u2019ambito dell\u2019Unione Europea o in Paesi extra UE, regolarmente contrattualizzate e che offrono adeguate garanzie di sicurezza, necessarie per la fornitura di servizi essenziali al soddisfacimento delle Sue esigenze. Tali Responsabili Esterni, il cui elenco \u00e8 disponibile dietro richiesta, possono appartenere a categorie di soggetti che supportano il Titolare nell\u2019erogazione dei servizi offerti tramite il presente sito (quali, a titolo esemplificativo: sviluppatori software e gestori di siti web, spedizionieri).<\/p>\n\n\n\n<p>Inoltre, saranno trattati per finalit\u00e0 di analisi statistiche e di marketing diretto, in maniera anonima, come meglio specificato dalla cookie policy.<\/p>\n\n\n\n<p>Per modificare o cancellare i soli dati che sono archiviati sui sistemi che erogano il presente sito,&nbsp;cliccare qui. Le informazioni da lei inserite nel form (compreso il suo indirizzo email) potranno essere comunicate a una societ\u00e0 terza che agir\u00e0 in qualit\u00e0 di Responsabile esterno e che supporta il Titolare nella gestione del sito e nell\u2019evasione della sua richiesta.<\/p>\n\n\n\n<p>Nel caso di richiesta di cancellazione dei suoi dati, La informiamo che potrebbe non essere pi\u00f9 possibile continuare a fornirLe il servizio richiestoci.<\/p>\n\n\n\n<p>La informiamo, infine, che potr\u00e0 proporre reclamo all\u2019Autorit\u00e0 Garante per la Protezione dei Dati, qualora ritenesse siano stati violati i suoi diritti.<\/p>\n\n\n\n<hr class=\"wp-block-separator has-alpha-channel-opacity\"\/>\n\n\n\n<p><strong>INFORMATIVA ESTESA SUI COOKIE<\/strong><\/p>\n\n\n\n<p>Questo sito utilizza cookie tecnici, analitici e di profilazione, anche di terze parti, necessari rispettivamente, a consentire alcune funzionalit\u00e0 fondamentali per il sito, ad effettuare misurazioni delle perfomance del sito stesso o a fornirti indicazioni promozionali in linea con i tuoi interessi.<\/p>\n\n\n\n<p>Per accettare, rifiutare o selezionale i cookie in base alle finalit\u00e0 o al servizio, utilizza i comandi presenti nel banner per la gestione dei cookie.<\/p>\n\n\n\n<p>In particolare, per sapere quali cookie vengono installati tramite il presente sito ed esprimere le tue preferenze a riguardo, seleziona il comando \u201cGestisci preferenze\u201d e scegli \u201cCategorie\u201d (ovvero \u201cfinalit\u00e0 dei cookie\u201d) oppure \u201cServizi\u201d.<\/p>\n\n\n\n<p>I cookies utilizzati in questo sito rientrano nelle categorie descritte di seguito.<\/p>\n\n\n\n<p><strong>Cosa sono i cookies<\/strong><\/p>\n\n\n\n<p>I cookies sono piccoli file di testo che vengono automaticamente posizionati sul PC del navigatore all\u2019interno del browser. Essi contengono informazioni di base sulla navigazione in Internet e grazie al browser vengono riconosciuti ogni volta che l\u2019utente visita il sito.<br>Di seguito vengono forniti dettagli sui cookie installati da questo sito e indicazioni su come gestire le preferenze in merito ad essi.<\/p>\n\n\n\n<p><strong>Gestione dei cookie<\/strong><\/p>\n\n\n\n<p><strong>1 \u2013 Cookie tecnici<\/strong><\/p>\n\n\n\n<p>I cookie tecnici descritti qui di seguito non richiedono consenso e pertanto vengono installati automaticamente a seguito dell\u2019accesso al sito.<br><br><strong>\u2013 Cookie necessari al funzionamento:<\/strong>&nbsp;cookies che permettono al sito di funzionare correttamente anche consentendo all\u2019utente di avere un\u2019esperienza di navigazione funzionale. Ad esempio, mantengono l\u2019utente collegato durante la navigazione evitando che il sito richieda di collegarsi pi\u00f9 volte per accedere alle pagine successive.<br><br><strong>\u2013 Cookie per il salvataggio delle preferenze:<\/strong>&nbsp;cookie che permettono di ricordare le preferenze selezionate dall\u2019utente durante la navigazione, ad esempio, consentono di impostare la lingua.<br><br><strong>\u2013 Cookie statistici e di misurazione dell\u2019audience:<\/strong>&nbsp;cookie che aiutano a capire, attraverso dati raccolti in forma anonima e aggregata, come gli utenti interagiscono con il sito internet fornendo informazioni relative alle sezioni visitate, il tempo trascorso sul sito, eventuali malfunzionamenti.<br><br>Per esempio, in alcuni casi i cookie di Google Analytics utilizzati sa questo sito, sono stati resi anonimi e quindi sono equivalenti a cookie tecnici.<\/p>\n\n\n\n<p><strong>2 \u2013 Cookie di terze parti<\/strong><\/p>\n\n\n\n<p>Attraverso questo sito vengono installati anche cookie gestiti da terze parti.<br>Per informazioni relative a questi cookie di terze parti e la gestione del consenso puoi utilizzare il comando \u201cGestisci preferenze\u201d del banner per la gestione dei cookie. Inoltre, accedendo alla pagina&nbsp;<a href=\"http:\/\/www.youronlinechoices.com\/it\/le-tue-scelte\" target=\"_blank\" rel=\"noopener\">http:\/\/www.youronlinechoices.com\/it\/le-tue-scelte<\/a>&nbsp;\u00e8 possibile informarsi sulla pubblicit\u00e0 comportamentale oltre che disattivare o attivare i cookie delle societ\u00e0 elencate che lavorano con i gestori dei siti web per raccogliere e utilizzare informazioni utili alla fruizione della pubblicit\u00e0.<br>Di seguito vengono descritti i diversi tipi di cookie che le terze parti potrebbero rilasciare nel corso della navigazione sul presente sito.<\/p>\n\n\n\n<p><strong>Cookie Statistici e di Misurazione dell\u2019audience di terze parti<\/strong><\/p>\n\n\n\n<p>Questi cookie forniscono informazioni anonime\/aggregate sul modo in cui i visitatori navigano sul sito. Per sapere quali sono questi cookie ed esprimere le tue preferenze a riguardo, puoi utilizzare il banner per la gestione dei cookie (utilizzando il comando \u201cGestisci preferenze\u201d).<\/p>\n\n\n\n<p><strong>Cookie di social media sharing<\/strong><\/p>\n\n\n\n<p>Questi cookie di terze parti \u2013 qualora presenti i collegamenti sul sito \u2013 vengono utilizzati per integrare alcune diffuse funzionalit\u00e0 dei principali social media e fornirle all\u2019interno del sito. In particolare, permettono la registrazione e l\u2019autenticazione sul sito tramite facebook e google connect, la condivisione e i commenti di pagine del sito sui social, abilitano le funzionalit\u00e0 del \u201cmi piace\u201d su Facebook e del \u201c+1\u201d su G+. Se presenti sul sito, questi cookie sono elencati all\u2019interno banner per la gestione dei cookie. Per sapere quali sono questi cookie ed esprimere le tue preferenze a riguardo, puoi utilizzare il banner per la gestione dei cookie (utilizzando il comando \u201cGestisci preferenze\u201d).<\/p>\n\n\n\n<p><strong>Cookie di remarketing<\/strong><\/p>\n\n\n\n<p>Questi cookie di terza parte, quando presenti, consentono di mostrare annunci pubblicitari basati sugli interessi manifestati dagli utenti durante la navigazione online sui siti e le APP appartenenti al circuito della terza parte che ha rilasciato questi cookie. Per esempio, i cookie di remarketing utilizzati da questo sito possono essere quelli della Rete Display di Google e della piattaforma Audience Network di Facebook. Se presenti sul sito, questi cookie sono elencato all\u2019interno del banner per la gestione dei cookie. Per sapere quali sono questi cookie ed esprimere le tue preferenze a riguardo, puoi utilizzare il banner per la gestione dei cookie (utilizzando il comando \u201cGestisci preferenze\u201d).<\/p>\n\n\n\n<p><strong>3 \u2013 Ricordati che puoi gestire le tue preferenze sui cookie anche attraverso il browser<\/strong><\/p>\n\n\n\n<p><em>Se si utilizza Internet Explorer<\/em><br>In Internet Explorer, fare clic su \u201cStrumenti\u201d e selezionare \u201cOpzioni Internet\u201d. Nella scheda Privacy, spostare il cursore verso l\u2019alto per bloccare tutti i cookie o verso il basso per consentire tutti i cookie, e quindi fare clic su OK.<\/p>\n\n\n\n<p><em>Se si utilizza il browser Firefox<\/em><br>Scegliere il men\u00f9 \u201cStrumenti\u201d del browser e selezionare il menu \u201cOpzioni\u201d. Fare clic sulla scheda \u201cPrivacy\u201d. Nell\u2019elenco a discesa \u201cRegole di conservazione\u201d selezionare il livello desiderato. Spuntare la casella \u201cAccettare i cookie\u201d per attivare i cookie, o togliere la spunta per disattivarli. Scegliere per quanto tempo i cookie possono essere conservati.<\/p>\n\n\n\n<p><em>Se si utilizza il browser Safari<\/em><br>Cliccare nel Men\u00f9 Safari, selezionare il menu \u201cModifica\u201d e selezionare \u201cPreferences\u201d. Cliccare su \u201cPrivacy\u201d. Posizionare l\u2019impostazione \u201ccookies Block\u201d e fare clic su OK.<\/p>\n\n\n\n<p><em>Se si utilizza il browser Google Chrome<\/em><br>Cliccare sul menu Chrome nella barra degli strumenti del browser. Selezionare \u201cImpostazioni\u201d. Cliccare su \u201cMostra impostazioni avanzate\u201d. Nella sezione \u201cPrivacy\u201d, cliccare su \u201cImpostazioni contenuti\u201d. Nella sezione \u201cCookies\u201d, selezionare \u201cImpedisci a tutti i siti di salvare i dati\u201d e quindi fare clic su OK.<\/p>\n\n\n\n<p>Se usi un qualsiasi altro browser o non conosci il tipo e versione di browser che stai utilizzando, clicca \u201cAiuto\u201d nella finestra del browser in alto, da cui puoi accedere a tutte le informazioni necessarie.<\/p>","protected":false},"excerpt":{"rendered":"<p>Informativa privacy ai sensi degli artt. 13-14 del Regolamento Europeo \u201cPrivacy\u201d (GDPR) I dati personali da Lei inseriti, sono trattati dal proprietario del sito Tenuta Acquaviva \u2013 Via Chiari, 15 \u2013 25039 Travagliato (BS) \u2013 in qualit\u00e0 di Titolare, per finalit\u00e0 connesse alla fornitura dei servizi da Lei richiesti (a titolo esemplificativo: richiedere informazioni, registrarsi [&hellip;]<\/p>\n","protected":false},"author":1,"featured_media":0,"parent":0,"menu_order":0,"comment_status":"closed","ping_status":"open","template":"","meta":{"rank_math_lock_modified_date":false,"footnotes":""},"categories":[],"tags":[],"class_list":["post-3","page","type-page","status-publish","hentry"],"_links":{"self":[{"href":"https:\/\/franciacortaexecutiveresort.it\/en\/wp-json\/wp\/v2\/pages\/3"}],"collection":[{"href":"https:\/\/franciacortaexecutiveresort.it\/en\/wp-json\/wp\/v2\/pages"}],"about":[{"href":"https:\/\/franciacortaexecutiveresort.it\/en\/wp-json\/wp\/v2\/types\/page"}],"author":[{"embeddable":true,"href":"https:\/\/franciacortaexecutiveresort.it\/en\/wp-json\/wp\/v2\/users\/1"}],"replies":[{"embeddable":true,"href":"https:\/\/franciacortaexecutiveresort.it\/en\/wp-json\/wp\/v2\/comments?post=3"}],"version-history":[{"count":1,"href":"https:\/\/franciacortaexecutiveresort.it\/en\/wp-json\/wp\/v2\/pages\/3\/revisions"}],"predecessor-version":[{"id":2459,"href":"https:\/\/franciacortaexecutiveresort.it\/en\/wp-json\/wp\/v2\/pages\/3\/revisions\/2459"}],"wp:attachment":[{"href":"https:\/\/franciacortaexecutiveresort.it\/en\/wp-json\/wp\/v2\/media?parent=3"}],"wp:term":[{"taxonomy":"category","embeddable":true,"href":"https:\/\/franciacortaexecutiveresort.it\/en\/wp-json\/wp\/v2\/categories?post=3"},{"taxonomy":"post_tag","embeddable":true,"href":"https:\/\/franciacortaexecutiveresort.it\/en\/wp-json\/wp\/v2\/tags?post=3"}],"curies":[{"name":"wp","href":"https:\/\/api.w.org\/{rel}","templated":true}]}}